{"id":103,"date":"2024-08-26T09:49:07","date_gmt":"2024-08-26T07:49:07","guid":{"rendered":"https:\/\/bejaiamed.com\/?page_id=103"},"modified":"2024-11-21T15:06:57","modified_gmt":"2024-11-21T14:06:57","slug":"nos-valeurs","status":"publish","type":"page","link":"https:\/\/bejaiamed.com\/en\/nos-valeurs\/","title":{"rendered":"Our Values"},"content":{"rendered":"<div data-elementor-type=\"wp-page\" data-elementor-id=\"103\" class=\"elementor elementor-103\">\n\t\t\t\t<div class=\"elementor-element elementor-element-822ea05 e-flex e-con-boxed wpr-particle-no wpr-jarallax-no wpr-parallax-no wpr-sticky-section-no wpr-equal-height-no e-con e-parent\" data-id=\"822ea05\" data-element_type=\"container\" data-e-type=\"container\" data-settings=\"{&quot;background_background&quot;:&quot;classic&quot;}\">\n\t\t\t\t\t<div class=\"e-con-inner\">\n\t\t<div class=\"elementor-element elementor-element-90bb8e9 e-flex e-con-boxed wpr-particle-no wpr-jarallax-no wpr-parallax-no wpr-sticky-section-no wpr-equal-height-no e-con e-child\" data-id=\"90bb8e9\" data-element_type=\"container\" data-e-type=\"container\">\n\t\t\t\t\t<div class=\"e-con-inner\">\n\t\t\t\t<div class=\"elementor-element elementor-element-4b661cb elementor-widget elementor-widget-heading\" data-id=\"4b661cb\" data-element_type=\"widget\" data-e-type=\"widget\" data-widget_type=\"heading.default\">\n\t\t\t\t<div class=\"elementor-widget-container\">\n\t\t\t\t\t<h2 class=\"elementor-heading-title elementor-size-default\">Our Values<\/h2>\t\t\t\t<\/div>\n\t\t\t\t<\/div>\n\t\t\t\t<div class=\"elementor-element elementor-element-9cc06e8 elementor-widget elementor-widget-heading\" data-id=\"9cc06e8\" data-element_type=\"widget\" data-e-type=\"widget\" data-widget_type=\"heading.default\">\n\t\t\t\t<div class=\"elementor-widget-container\">\n\t\t\t\t\t<h2 class=\"elementor-heading-title elementor-size-default\">Home \u2013 Our Values<\/h2>\t\t\t\t<\/div>\n\t\t\t\t<\/div>\n\t\t\t\t\t<\/div>\n\t\t\t\t<\/div>\n\t\t\t\t\t<\/div>\n\t\t\t\t<\/div>\n\t\t\t\t<section class=\"elementor-section elementor-inner-section elementor-element elementor-element-84d93f8 elementor-section-boxed elementor-section-height-default elementor-section-height-default wpr-particle-no wpr-jarallax-no wpr-parallax-no wpr-sticky-section-no wpr-equal-height-no\" data-id=\"84d93f8\" data-element_type=\"section\" data-e-type=\"section\">\n\t\t\t\t\t\t<div class=\"elementor-container elementor-column-gap-wide\">\n\t\t\t\t\t<div class=\"elementor-column elementor-col-33 elementor-inner-column elementor-element elementor-element-5bb84ba elementor-invisible\" data-id=\"5bb84ba\" data-element_type=\"column\" data-e-type=\"column\" data-settings=\"{&quot;animation&quot;:&quot;zoomIn&quot;}\">\n\t\t\t<div class=\"elementor-widget-wrap elementor-element-populated\">\n\t\t\t\t\t\t<div class=\"elementor-element elementor-element-27571a6 elementor-position-top elementor-invisible elementor-widget elementor-widget-image-box\" data-id=\"27571a6\" data-element_type=\"widget\" data-e-type=\"widget\" data-settings=\"{&quot;_animation&quot;:&quot;fadeIn&quot;}\" data-widget_type=\"image-box.default\">\n\t\t\t\t<div class=\"elementor-widget-container\">\n\t\t\t\t\t<div class=\"elementor-image-box-wrapper\"><figure class=\"elementor-image-box-img\"><img fetchpriority=\"high\" decoding=\"async\" width=\"600\" height=\"500\" src=\"https:\/\/bejaiamed.com\/wp-content\/uploads\/2024\/11\/v-02.png\" class=\"attachment-full size-full wp-image-3607\" alt=\"\" srcset=\"https:\/\/bejaiamed.com\/wp-content\/uploads\/2024\/11\/v-02.png 600w, https:\/\/bejaiamed.com\/wp-content\/uploads\/2024\/11\/v-02-300x250.png 300w\" sizes=\"(max-width: 600px) 100vw, 600px\" \/><\/figure><div class=\"elementor-image-box-content\"><h3 class=\"elementor-image-box-title\">INTEGRITY<\/h3><p class=\"elementor-image-box-description\">Integrity, in both spirit and form, is our rule of conduct and commitment. We strive, in all circumstances and at all times, to uphold absolute honesty and integrity in our workplace. Lying, stealing, deceiving, bribing, accepting favors, or showing favoritism go against integrity. Integrity is our Guide and Center of Gravity.<\/p><\/div><\/div>\t\t\t\t<\/div>\n\t\t\t\t<\/div>\n\t\t\t\t\t<\/div>\n\t\t<\/div>\n\t\t\t\t<div class=\"elementor-column elementor-col-33 elementor-inner-column elementor-element elementor-element-1cb73cd elementor-invisible\" data-id=\"1cb73cd\" data-element_type=\"column\" data-e-type=\"column\" data-settings=\"{&quot;animation&quot;:&quot;zoomIn&quot;,&quot;animation_delay&quot;:100}\">\n\t\t\t<div class=\"elementor-widget-wrap elementor-element-populated\">\n\t\t\t\t\t\t<div class=\"elementor-element elementor-element-f5b1db3 elementor-position-top elementor-invisible elementor-widget elementor-widget-image-box\" data-id=\"f5b1db3\" data-element_type=\"widget\" data-e-type=\"widget\" data-settings=\"{&quot;_animation&quot;:&quot;fadeIn&quot;}\" data-widget_type=\"image-box.default\">\n\t\t\t\t<div class=\"elementor-widget-container\">\n\t\t\t\t\t<div class=\"elementor-image-box-wrapper\"><figure class=\"elementor-image-box-img\"><img decoding=\"async\" width=\"600\" height=\"500\" src=\"https:\/\/bejaiamed.com\/wp-content\/uploads\/2024\/11\/v-03.png\" class=\"attachment-full size-full wp-image-3608\" alt=\"\" srcset=\"https:\/\/bejaiamed.com\/wp-content\/uploads\/2024\/11\/v-03.png 600w, https:\/\/bejaiamed.com\/wp-content\/uploads\/2024\/11\/v-03-300x250.png 300w\" sizes=\"(max-width: 600px) 100vw, 600px\" \/><\/figure><div class=\"elementor-image-box-content\"><h3 class=\"elementor-image-box-title\">INNOVATION<\/h3><p class=\"elementor-image-box-description\">Show curiosity and encourage new ideas and creativity. Seek new business opportunities. Have the courage to challenge established truths and dare to explore new fields and horizons. Understand and manage risks effectively.<\/p><\/div><\/div>\t\t\t\t<\/div>\n\t\t\t\t<\/div>\n\t\t\t\t\t<\/div>\n\t\t<\/div>\n\t\t\t\t<div class=\"elementor-column elementor-col-33 elementor-inner-column elementor-element elementor-element-01e4419 elementor-invisible\" data-id=\"01e4419\" data-element_type=\"column\" data-e-type=\"column\" data-settings=\"{&quot;animation&quot;:&quot;zoomIn&quot;,&quot;animation_delay&quot;:200}\">\n\t\t\t<div class=\"elementor-widget-wrap elementor-element-populated\">\n\t\t\t\t\t\t<div class=\"elementor-element elementor-element-c3d2dbf elementor-position-top elementor-invisible elementor-widget elementor-widget-image-box\" data-id=\"c3d2dbf\" data-element_type=\"widget\" data-e-type=\"widget\" data-settings=\"{&quot;_animation&quot;:&quot;fadeIn&quot;}\" data-widget_type=\"image-box.default\">\n\t\t\t\t<div class=\"elementor-widget-container\">\n\t\t\t\t\t<div class=\"elementor-image-box-wrapper\"><figure class=\"elementor-image-box-img\"><img decoding=\"async\" width=\"600\" height=\"500\" src=\"https:\/\/bejaiamed.com\/wp-content\/uploads\/2024\/11\/v-04.png\" class=\"attachment-full size-full wp-image-3609\" alt=\"\" srcset=\"https:\/\/bejaiamed.com\/wp-content\/uploads\/2024\/11\/v-04.png 600w, https:\/\/bejaiamed.com\/wp-content\/uploads\/2024\/11\/v-04-300x250.png 300w\" sizes=\"(max-width: 600px) 100vw, 600px\" \/><\/figure><div class=\"elementor-image-box-content\"><h3 class=\"elementor-image-box-title\">PERFORMANCE<\/h3><p class=\"elementor-image-box-description\">Always seek the most appropriate solutions and share your experience. Continuously and purposefully develop expertise. Demonstrate commercial competence and customer orientation. Strive for simplicity, clarity, and avoid activities that do not add value. Promote diversity.<\/p><\/div><\/div>\t\t\t\t<\/div>\n\t\t\t\t<\/div>\n\t\t\t\t\t<\/div>\n\t\t<\/div>\n\t\t\t\t\t<\/div>\n\t\t<\/section>\n\t\t\t\t<section class=\"elementor-section elementor-inner-section elementor-element elementor-element-139f81d elementor-section-boxed elementor-section-height-default elementor-section-height-default wpr-particle-no wpr-jarallax-no wpr-parallax-no wpr-sticky-section-no wpr-equal-height-no\" data-id=\"139f81d\" data-element_type=\"section\" data-e-type=\"section\">\n\t\t\t\t\t\t<div class=\"elementor-container elementor-column-gap-wide\">\n\t\t\t\t\t<div class=\"elementor-column elementor-col-33 elementor-inner-column elementor-element elementor-element-bd9db05 elementor-invisible\" data-id=\"bd9db05\" data-element_type=\"column\" data-e-type=\"column\" data-settings=\"{&quot;animation&quot;:&quot;zoomIn&quot;}\">\n\t\t\t<div class=\"elementor-widget-wrap elementor-element-populated\">\n\t\t\t\t\t\t<div class=\"elementor-element elementor-element-49cde3c elementor-position-top elementor-invisible elementor-widget elementor-widget-image-box\" data-id=\"49cde3c\" data-element_type=\"widget\" data-e-type=\"widget\" data-settings=\"{&quot;_animation&quot;:&quot;fadeIn&quot;}\" data-widget_type=\"image-box.default\">\n\t\t\t\t<div class=\"elementor-widget-container\">\n\t\t\t\t\t<div class=\"elementor-image-box-wrapper\"><figure class=\"elementor-image-box-img\"><img loading=\"lazy\" decoding=\"async\" width=\"600\" height=\"500\" src=\"https:\/\/bejaiamed.com\/wp-content\/uploads\/2024\/11\/v-05.png\" class=\"attachment-full size-full wp-image-3610\" alt=\"\" srcset=\"https:\/\/bejaiamed.com\/wp-content\/uploads\/2024\/11\/v-05.png 600w, https:\/\/bejaiamed.com\/wp-content\/uploads\/2024\/11\/v-05-300x250.png 300w\" sizes=\"(max-width: 600px) 100vw, 600px\" \/><\/figure><div class=\"elementor-image-box-content\"><h3 class=\"elementor-image-box-title\">TENACITY<\/h3><p class=\"elementor-image-box-description\">Set ambitious goals and honor commitments. Make decisions and ensure they are carried out. Work as a team, eliminate barriers, and set constructive mutual expectations. Show perseverance until completion and focus on what truly matters<\/p><\/div><\/div>\t\t\t\t<\/div>\n\t\t\t\t<\/div>\n\t\t\t\t\t<\/div>\n\t\t<\/div>\n\t\t\t\t<div class=\"elementor-column elementor-col-33 elementor-inner-column elementor-element elementor-element-d1519e4 elementor-invisible\" data-id=\"d1519e4\" data-element_type=\"column\" data-e-type=\"column\" data-settings=\"{&quot;animation&quot;:&quot;zoomIn&quot;,&quot;animation_delay&quot;:100}\">\n\t\t\t<div class=\"elementor-widget-wrap elementor-element-populated\">\n\t\t\t\t\t\t<div class=\"elementor-element elementor-element-3b310f4 elementor-position-top elementor-invisible elementor-widget elementor-widget-image-box\" data-id=\"3b310f4\" data-element_type=\"widget\" data-e-type=\"widget\" data-settings=\"{&quot;_animation&quot;:&quot;fadeIn&quot;}\" data-widget_type=\"image-box.default\">\n\t\t\t\t<div class=\"elementor-widget-container\">\n\t\t\t\t\t<div class=\"elementor-image-box-wrapper\"><figure class=\"elementor-image-box-img\"><img loading=\"lazy\" decoding=\"async\" width=\"600\" height=\"500\" src=\"https:\/\/bejaiamed.com\/wp-content\/uploads\/2024\/11\/v-06.png\" class=\"attachment-full size-full wp-image-3605\" alt=\"\" srcset=\"https:\/\/bejaiamed.com\/wp-content\/uploads\/2024\/11\/v-06.png 600w, https:\/\/bejaiamed.com\/wp-content\/uploads\/2024\/11\/v-06-300x250.png 300w\" sizes=\"(max-width: 600px) 100vw, 600px\" \/><\/figure><div class=\"elementor-image-box-content\"><h3 class=\"elementor-image-box-title\">SAFETY<\/h3><p class=\"elementor-image-box-description\">Contribute to the protection of health, the improvement of safety, and working conditions within our company. Ensure compliance with rules protecting employees, clients, and visitors. Safeguard and enhance the workplace environment while respecting environmental protection and HSE directives. Guarantee the safety of our clients\u2019 property.<\/p><\/div><\/div>\t\t\t\t<\/div>\n\t\t\t\t<\/div>\n\t\t\t\t\t<\/div>\n\t\t<\/div>\n\t\t\t\t<div class=\"elementor-column elementor-col-33 elementor-inner-column elementor-element elementor-element-d711007 elementor-invisible\" data-id=\"d711007\" data-element_type=\"column\" data-e-type=\"column\" data-settings=\"{&quot;animation&quot;:&quot;zoomIn&quot;,&quot;animation_delay&quot;:200}\">\n\t\t\t<div class=\"elementor-widget-wrap elementor-element-populated\">\n\t\t\t\t\t\t<div class=\"elementor-element elementor-element-1746c5f elementor-position-top elementor-invisible elementor-widget elementor-widget-image-box\" data-id=\"1746c5f\" data-element_type=\"widget\" data-e-type=\"widget\" data-settings=\"{&quot;_animation&quot;:&quot;fadeIn&quot;}\" data-widget_type=\"image-box.default\">\n\t\t\t\t<div class=\"elementor-widget-container\">\n\t\t\t\t\t<div class=\"elementor-image-box-wrapper\"><figure class=\"elementor-image-box-img\"><img loading=\"lazy\" decoding=\"async\" width=\"600\" height=\"500\" src=\"https:\/\/bejaiamed.com\/wp-content\/uploads\/2024\/11\/v-07.png\" class=\"attachment-full size-full wp-image-3606\" alt=\"\" srcset=\"https:\/\/bejaiamed.com\/wp-content\/uploads\/2024\/11\/v-07.png 600w, https:\/\/bejaiamed.com\/wp-content\/uploads\/2024\/11\/v-07-300x250.png 300w\" sizes=\"(max-width: 600px) 100vw, 600px\" \/><\/figure><div class=\"elementor-image-box-content\"><h3 class=\"elementor-image-box-title\">COURTESY<\/h3><p class=\"elementor-image-box-description\">The client is the very reason for our existence. Show them they are at the center of our concerns and the focus of our company. Demonstrate respect toward services, authority, hierarchy, and established regulations. Uphold professionalism and social decency at all times. Always show respect to colleagues.<\/p><\/div><\/div>\t\t\t\t<\/div>\n\t\t\t\t<\/div>\n\t\t\t\t\t<\/div>\n\t\t<\/div>\n\t\t\t\t\t<\/div>\n\t\t<\/section>\n\t\t\t\t<\/div>","protected":false},"excerpt":{"rendered":"<p>Nos valeurs Acceuil &#8211; Nos valeurs. INT\u00c9GRIT\u00c9 Int\u00e9grit\u00e9, en esprit et en forme, est notre r\u00e8gle de conduite et d\u2019engagement. Nous \u0153uvrerons, en toute circonstance et a tout moment, avec le respect absolu de l\u2019int\u00e9grit\u00e9 et de l\u2019honn\u00eatet\u00e9 dans notre environnement de travail. Mentir, voler, d\u00e9cevoir, soudoyer, accepter des faveurs, ou faire du favoritisme vont \u00e0 l\u2019encontre de l\u2019int\u00e9grit\u00e9. L\u2019int\u00e9grit\u00e9 est notre Guide et Centre de Gravit\u00e9. INNOVATION Montrer de la curiosit\u00e9 et stimuler les nouvelles id\u00e9es et la cr\u00e9ativit\u00e9. Rechercher de nouvelles opportunit\u00e9s d\u0092affaires. Avoir le courage de remettre en cause les v\u00e9rit\u00e9s \u00e9tablies et oser explorer de nouveaux champs et horizons. Comprendre et g\u00e9rer les risques. PERFORMANCE Toujours rechercher les solutions les plus appropri\u00e9es et partager son exp\u00e9rience. D\u00e9velopper l\u2019expertise de mani\u00e8re continue et cibl\u00e9e. Faire preuve de comp\u00e9tence commerciale et d\u2019orientation client\u00e8le. Rechercher la simplification. La clart\u00e9 et \u00e9viter les activit\u00e9s qui n\u2019ajoutent pas de valeur. Promouvoir la diversit\u00e9. TENACIT\u00c9 Fixer des objectifs ambitieux et respecter ses engagements. Prendre des d\u00e9cisions et s\u2019assurer de leur r\u00e9alisation. Travailler en \u00e9quipe, \u00e9liminer les barri\u00e8res et s\u2019imposer des exigences constructives mutuelles. Montrer de la pers\u00e9v\u00e9rance jusqu\u2019\u00e0 l\u2019aboutissement et se concentrer sur les points importants. S\u00c9CURIT\u00c9 Contribuer \u00e0 la protection de la sant\u00e9, \u00e0 l\u2019am\u00e9lioration de la s\u00e9curit\u00e9 et des conditions de travail dans notre entreprise. Veiller \u00e0 l\u2019application des r\u00e8gles relatives \u00e0 la protection des employ\u00e9s, des clients, et des visiteurs. Prot\u00e9ger et agr\u00e9menter l\u2019environnement de travail et respecter la protection de l\u2019environnement et les directives HSE. Assurer la s\u00e9curit\u00e9 des biens de nos clients. COURTOISIE Le client est la raison-d \u2018\u00eatre de notre simple existence. Lui montrer qu\u2019il est le centre de notre souci et l\u2019objet de notre entreprise. Montrer du respect a l\u2019\u00e9gard des services, de l\u2019autorit\u00e9, de la hi\u00e9rarchie et des r\u00e8glements \u00e9tablis. Respecter l\u2019\u00e9tique du professionnalisme et de la d\u00e9cence sociale. Respect en tout temps ses coll\u00e8gues.<\/p>","protected":false},"author":1,"featured_media":0,"parent":0,"menu_order":0,"comment_status":"closed","ping_status":"closed","template":"","meta":{"site-sidebar-layout":"no-sidebar","site-content-layout":"","ast-site-content-layout":"full-width-container","site-content-style":"default","site-sidebar-style":"default","ast-global-header-display":"","ast-banner-title-visibility":"","ast-main-header-display":"","ast-hfb-above-header-display":"","ast-hfb-below-header-display":"","ast-hfb-mobile-header-display":"","site-post-title":"disabled","ast-breadcrumbs-content":"","ast-featured-img":"disabled","footer-sml-layout":"","ast-disable-related-posts":"","theme-transparent-header-meta":"","adv-header-id-meta":"","stick-header-meta":"","header-above-stick-meta":"","header-main-stick-meta":"","header-below-stick-meta":"","astra-migrate-meta-layouts":"default","ast-page-background-enabled":"default","ast-page-background-meta":{"desktop":{"background-color":"var(--ast-global-color-4)","background-image":"","background-repeat":"repeat","background-position":"center center","background-size":"auto","background-attachment":"scroll","background-type":"","background-media":"","overlay-type":"","overlay-color":"","overlay-opacity":"","overlay-gradient":""},"tablet":{"background-color":"","background-image":"","background-repeat":"repeat","background-position":"center center","background-size":"auto","background-attachment":"scroll","background-type":"","background-media":"","overlay-type":"","overlay-color":"","overlay-opacity":"","overlay-gradient":""},"mobile":{"background-color":"","background-image":"","background-repeat":"repeat","background-position":"center center","background-size":"auto","background-attachment":"scroll","background-type":"","background-media":"","overlay-type":"","overlay-color":"","overlay-opacity":"","overlay-gradient":""}},"ast-content-background-meta":{"desktop":{"background-color":"var(--ast-global-color-5)","background-image":"","background-repeat":"repeat","background-position":"center center","background-size":"auto","background-attachment":"scroll","background-type":"","background-media":"","overlay-type":"","overlay-color":"","overlay-opacity":"","overlay-gradient":""},"tablet":{"background-color":"var(--ast-global-color-5)","background-image":"","background-repeat":"repeat","background-position":"center center","background-size":"auto","background-attachment":"scroll","background-type":"","background-media":"","overlay-type":"","overlay-color":"","overlay-opacity":"","overlay-gradient":""},"mobile":{"background-color":"var(--ast-global-color-5)","background-image":"","background-repeat":"repeat","background-position":"center center","background-size":"auto","background-attachment":"scroll","background-type":"","background-media":"","overlay-type":"","overlay-color":"","overlay-opacity":"","overlay-gradient":""}},"footnotes":""},"class_list":["post-103","page","type-page","status-publish","hentry"],"_links":{"self":[{"href":"https:\/\/bejaiamed.com\/en\/wp-json\/wp\/v2\/pages\/103","targetHints":{"allow":["GET"]}}],"collection":[{"href":"https:\/\/bejaiamed.com\/en\/wp-json\/wp\/v2\/pages"}],"about":[{"href":"https:\/\/bejaiamed.com\/en\/wp-json\/wp\/v2\/types\/page"}],"author":[{"embeddable":true,"href":"https:\/\/bejaiamed.com\/en\/wp-json\/wp\/v2\/users\/1"}],"replies":[{"embeddable":true,"href":"https:\/\/bejaiamed.com\/en\/wp-json\/wp\/v2\/comments?post=103"}],"version-history":[{"count":0,"href":"https:\/\/bejaiamed.com\/en\/wp-json\/wp\/v2\/pages\/103\/revisions"}],"wp:attachment":[{"href":"https:\/\/bejaiamed.com\/en\/wp-json\/wp\/v2\/media?parent=103"}],"curies":[{"name":"wp","href":"https:\/\/api.w.org\/{rel}","templated":true}]}}