{"id":45,"date":"2024-08-26T09:40:02","date_gmt":"2024-08-26T07:40:02","guid":{"rendered":"https:\/\/bejaiamed.com\/?page_id=45"},"modified":"2025-11-03T09:48:53","modified_gmt":"2025-11-03T08:48:53","slug":"galerie","status":"publish","type":"page","link":"https:\/\/bejaiamed.com\/en\/galerie\/","title":{"rendered":"Photo Gallery"},"content":{"rendered":"<div data-elementor-type=\"wp-page\" data-elementor-id=\"45\" class=\"elementor elementor-45\">\n\t\t\t\t<div class=\"elementor-element elementor-element-4123d21 e-flex e-con-boxed wpr-particle-no wpr-jarallax-no wpr-parallax-no wpr-sticky-section-no wpr-equal-height-no e-con e-parent\" data-id=\"4123d21\" data-element_type=\"container\" data-e-type=\"container\" data-settings=\"{&quot;background_background&quot;:&quot;classic&quot;}\">\n\t\t\t\t\t<div class=\"e-con-inner\">\n\t\t<div class=\"elementor-element elementor-element-b8cdf12 e-flex e-con-boxed wpr-particle-no wpr-jarallax-no wpr-parallax-no wpr-sticky-section-no wpr-equal-height-no e-con e-child\" data-id=\"b8cdf12\" data-element_type=\"container\" data-e-type=\"container\">\n\t\t\t\t\t<div class=\"e-con-inner\">\n\t\t\t\t<div class=\"elementor-element elementor-element-b962b28 elementor-widget elementor-widget-heading\" data-id=\"b962b28\" data-element_type=\"widget\" data-e-type=\"widget\" data-widget_type=\"heading.default\">\n\t\t\t\t<div class=\"elementor-widget-container\">\n\t\t\t\t\t<h2 class=\"elementor-heading-title elementor-size-default\">Galerie d'Images<\/h2>\t\t\t\t<\/div>\n\t\t\t\t<\/div>\n\t\t\t\t<div class=\"elementor-element elementor-element-21c5024 elementor-widget elementor-widget-heading\" data-id=\"21c5024\" data-element_type=\"widget\" data-e-type=\"widget\" data-widget_type=\"heading.default\">\n\t\t\t\t<div class=\"elementor-widget-container\">\n\t\t\t\t\t<h2 class=\"elementor-heading-title elementor-size-default\">Home \u2013 Image Gallery<\/h2>\t\t\t\t<\/div>\n\t\t\t\t<\/div>\n\t\t\t\t\t<\/div>\n\t\t\t\t<\/div>\n\t\t\t\t\t<\/div>\n\t\t\t\t<\/div>\n\t\t<div class=\"elementor-element elementor-element-836abb9 e-flex e-con-boxed wpr-particle-no wpr-jarallax-no wpr-parallax-no wpr-sticky-section-no wpr-equal-height-no e-con e-parent\" data-id=\"836abb9\" data-element_type=\"container\" data-e-type=\"container\">\n\t\t\t\t\t<div class=\"e-con-inner\">\n\t\t\t\t<div class=\"elementor-element elementor-element-8036175 elementor-widget elementor-widget-sina_portfolio\" data-id=\"8036175\" data-element_type=\"widget\" data-e-type=\"widget\" data-widget_type=\"sina_portfolio.default\">\n\t\t\t\t<div class=\"elementor-widget-container\">\n\t\t\t\t\t\t\t<div class=\"sina-portfolio sina-pf-8036175\"\r\n\t\tdata-layout=\"sina-pf-item-3\">\r\n\t\t\t<div class=\"sina-portfolio-btns\">\r\n\t\t\t\t<button class=\"sina-portfolio-btn sina-button is-checked\" data-filter=\"*\">\r\n\t\t\t\t\tall\t\t\t\t<\/button>\r\n\t\t\t\t\t\t\t\t\t\t<button class=\"sina-button sina-portfolio-btn\" data-filter=\".terminal_\u00e0_conteneurs\">\r\n\t\t\t\t\t\t\tContainer terminal\t\t\t\t\t\t<\/button>\r\n\t\t\t\t\t\t\t\t\t\t<button class=\"sina-button sina-portfolio-btn\" data-filter=\".centre_de_formations\">\r\n\t\t\t\t\t\t\tTraining Center\t\t\t\t\t\t<\/button>\r\n\t\t\t\t\t\t\t<\/div>\r\n\r\n\t\t\t<div class=\"sina-portfolio-grid\">\r\n\t\t\t\t\t\t\t\t\t\t\t\t<div class=\"sina-portfolio-item terminal_\u00e0_conteneurs sina-pf-item-3\">\r\n\t\t\t\t\t\t<div class=\"sina-portfolio-item-inner sina-bg-cover\"\r\n\t\t\t\t\t\t\tstyle=\"background-image: url(https:\/\/bejaiamed.com\/wp-content\/uploads\/2024\/09\/1673860869802.jpg);\">\r\n\t\t\t\t\t\t\t<div class=\"sina-portfolio-overlay sina-overlay sina-flex sina-pf-effect-fade\">\r\n\t\t\t\t\t\t\t\t<div class=\"sina-portfolio-icons sina-flex\">\r\n\t\t\t\t\t\t\t\t\t<div class=\"sina-portfolio-content\">\r\n\t\t\t\t\t\t\t\t\t\t\t\t\t\t\t\t\t\t\t\t\t\t\t\t\t\t\t\t\t\t\t\t\t<h3 class=\"sina-portfolio-title\">Container Terminal<\/h3>\t\t\t\t\t\t\t\t\t\t\t\t\t\t\t\t\t\t\t\t\t\t\t\t\t\t\t\t\t\t\t\t\r\n\t\t\t\t\t\t\t\t\t\t<div class=\"btns-wrap\">\r\n\t\t\t\t\t\t\t\t\t\t\t<a title=\"Container Terminal\" href=\"https:\/\/bejaiamed.com\/wp-content\/uploads\/2024\/09\/1673860869802.jpg\" class=\"sina-portfolio-zoom\" data-gall=\"sina-pf-8036175\">\r\n\t\t\t\t\t\t\t\t\t\t\t\t<i class=\"fa fa-search-plus\"><\/i>\r\n\t\t\t\t\t\t\t\t\t\t\t<\/a>\r\n\t\t\t\t\t\t\t\t\t\t\t<a href=\"#\"\r\n\t\t\t\t\t\t\t\t\t\t\t\t\t\t\t\t\t\t\t\t\t\t class=\"sina-portfolio-link\">\r\n\t\t\t\t\t\t\t\t\t\t\t\t<i class=\"fa fa-link\"><\/i>\r\n\t\t\t\t\t\t\t\t\t\t\t<\/a>\r\n\t\t\t\t\t\t\t\t\t\t<\/div>\r\n\t\t\t\t\t\t\t\t\t<\/div>\r\n\t\t\t\t\t\t\t\t<\/div>\r\n\t\t\t\t\t\t\t<\/div>\r\n\t\t\t\t\t\t<\/div>\r\n\t\t\t\t\t<\/div>\r\n\t\t\t\t\t\t\t\t\t\t\t\t\t\t\t\t<div class=\"sina-portfolio-item terminal_\u00e0_conteneurs sina-pf-item-3\">\r\n\t\t\t\t\t\t<div class=\"sina-portfolio-item-inner sina-bg-cover\"\r\n\t\t\t\t\t\t\tstyle=\"background-image: url(https:\/\/bejaiamed.com\/wp-content\/uploads\/2024\/09\/DJI_0003.00_03_40_14.Image-fixe009-1-scaled.jpg);\">\r\n\t\t\t\t\t\t\t<div class=\"sina-portfolio-overlay sina-overlay sina-flex sina-pf-effect-fade\">\r\n\t\t\t\t\t\t\t\t<div class=\"sina-portfolio-icons sina-flex\">\r\n\t\t\t\t\t\t\t\t\t<div class=\"sina-portfolio-content\">\r\n\t\t\t\t\t\t\t\t\t\t\t\t\t\t\t\t\t\t\t\t\t\t\t\t\t\t\t\t\t\t\t\t\t<h3 class=\"sina-portfolio-title\">Container Terminal<\/h3>\t\t\t\t\t\t\t\t\t\t\t\t\t\t\t\t\t\t\t\t\t\t\t\t\t\t\t\t\t\t\t\t\r\n\t\t\t\t\t\t\t\t\t\t<div class=\"btns-wrap\">\r\n\t\t\t\t\t\t\t\t\t\t\t<a title=\"Container Terminal\" href=\"https:\/\/bejaiamed.com\/wp-content\/uploads\/2024\/09\/DJI_0003.00_03_40_14.Image-fixe009-1-scaled.jpg\" class=\"sina-portfolio-zoom\" data-gall=\"sina-pf-8036175\">\r\n\t\t\t\t\t\t\t\t\t\t\t\t<i class=\"fa fa-search-plus\"><\/i>\r\n\t\t\t\t\t\t\t\t\t\t\t<\/a>\r\n\t\t\t\t\t\t\t\t\t\t\t<a href=\"#\"\r\n\t\t\t\t\t\t\t\t\t\t\t\t\t\t\t\t\t\t\t\t\t\t class=\"sina-portfolio-link\">\r\n\t\t\t\t\t\t\t\t\t\t\t\t<i class=\"fa fa-link\"><\/i>\r\n\t\t\t\t\t\t\t\t\t\t\t<\/a>\r\n\t\t\t\t\t\t\t\t\t\t<\/div>\r\n\t\t\t\t\t\t\t\t\t<\/div>\r\n\t\t\t\t\t\t\t\t<\/div>\r\n\t\t\t\t\t\t\t<\/div>\r\n\t\t\t\t\t\t<\/div>\r\n\t\t\t\t\t<\/div>\r\n\t\t\t\t\t\t\t\t\t\t\t\t\t\t\t\t<div class=\"sina-portfolio-item terminal_\u00e0_conteneurs sina-pf-item-3\">\r\n\t\t\t\t\t\t<div class=\"sina-portfolio-item-inner sina-bg-cover\"\r\n\t\t\t\t\t\t\tstyle=\"background-image: url(https:\/\/bejaiamed.com\/wp-content\/uploads\/2024\/09\/1674138749537.jpg);\">\r\n\t\t\t\t\t\t\t<div class=\"sina-portfolio-overlay sina-overlay sina-flex sina-pf-effect-fade\">\r\n\t\t\t\t\t\t\t\t<div class=\"sina-portfolio-icons sina-flex\">\r\n\t\t\t\t\t\t\t\t\t<div class=\"sina-portfolio-content\">\r\n\t\t\t\t\t\t\t\t\t\t\t\t\t\t\t\t\t\t\t\t\t\t\t\t\t\t\t\t\t\t\t\t\t<h3 class=\"sina-portfolio-title\">Container Terminal<\/h3>\t\t\t\t\t\t\t\t\t\t\t\t\t\t\t\t\t\t\t\t\t\t\t\t\t\t\t\t\t\t\t\t\r\n\t\t\t\t\t\t\t\t\t\t<div class=\"btns-wrap\">\r\n\t\t\t\t\t\t\t\t\t\t\t<a title=\"Container Terminal\" href=\"https:\/\/bejaiamed.com\/wp-content\/uploads\/2024\/09\/1674138749537.jpg\" class=\"sina-portfolio-zoom\" data-gall=\"sina-pf-8036175\">\r\n\t\t\t\t\t\t\t\t\t\t\t\t<i class=\"fa fa-search-plus\"><\/i>\r\n\t\t\t\t\t\t\t\t\t\t\t<\/a>\r\n\t\t\t\t\t\t\t\t\t\t\t<a href=\"#\"\r\n\t\t\t\t\t\t\t\t\t\t\t\t\t\t\t\t\t\t\t\t\t\t class=\"sina-portfolio-link\">\r\n\t\t\t\t\t\t\t\t\t\t\t\t<i class=\"fa fa-link\"><\/i>\r\n\t\t\t\t\t\t\t\t\t\t\t<\/a>\r\n\t\t\t\t\t\t\t\t\t\t<\/div>\r\n\t\t\t\t\t\t\t\t\t<\/div>\r\n\t\t\t\t\t\t\t\t<\/div>\r\n\t\t\t\t\t\t\t<\/div>\r\n\t\t\t\t\t\t<\/div>\r\n\t\t\t\t\t<\/div>\r\n\t\t\t\t\t\t\t\t\t\t\t\t\t\t\t\t<div class=\"sina-portfolio-item terminal_\u00e0_conteneurs sina-pf-item-3\">\r\n\t\t\t\t\t\t<div class=\"sina-portfolio-item-inner sina-bg-cover\"\r\n\t\t\t\t\t\t\tstyle=\"background-image: url(https:\/\/bejaiamed.com\/wp-content\/uploads\/2024\/09\/IMG_4465-scaled.jpg);\">\r\n\t\t\t\t\t\t\t<div class=\"sina-portfolio-overlay sina-overlay sina-flex sina-pf-effect-fade\">\r\n\t\t\t\t\t\t\t\t<div class=\"sina-portfolio-icons sina-flex\">\r\n\t\t\t\t\t\t\t\t\t<div class=\"sina-portfolio-content\">\r\n\t\t\t\t\t\t\t\t\t\t\t\t\t\t\t\t\t\t\t\t\t\t\t\t\t\t\t\t\t\t\t\t\t<h3 class=\"sina-portfolio-title\">Container Terminal<\/h3>\t\t\t\t\t\t\t\t\t\t\t\t\t\t\t\t\t\t\t\t\t\t\t\t\t\t\t\t\t\t\t\t\r\n\t\t\t\t\t\t\t\t\t\t<div class=\"btns-wrap\">\r\n\t\t\t\t\t\t\t\t\t\t\t<a title=\"Container Terminal\" href=\"https:\/\/bejaiamed.com\/wp-content\/uploads\/2024\/09\/IMG_4465-scaled.jpg\" class=\"sina-portfolio-zoom\" data-gall=\"sina-pf-8036175\">\r\n\t\t\t\t\t\t\t\t\t\t\t\t<i class=\"fa fa-search-plus\"><\/i>\r\n\t\t\t\t\t\t\t\t\t\t\t<\/a>\r\n\t\t\t\t\t\t\t\t\t\t\t<a href=\"#\"\r\n\t\t\t\t\t\t\t\t\t\t\t\t\t\t\t\t\t\t\t\t\t\t class=\"sina-portfolio-link\">\r\n\t\t\t\t\t\t\t\t\t\t\t\t<i class=\"fa fa-link\"><\/i>\r\n\t\t\t\t\t\t\t\t\t\t\t<\/a>\r\n\t\t\t\t\t\t\t\t\t\t<\/div>\r\n\t\t\t\t\t\t\t\t\t<\/div>\r\n\t\t\t\t\t\t\t\t<\/div>\r\n\t\t\t\t\t\t\t<\/div>\r\n\t\t\t\t\t\t<\/div>\r\n\t\t\t\t\t<\/div>\r\n\t\t\t\t\t\t\t\t\t\t\t\t\t\t\t\t<div class=\"sina-portfolio-item centre_de_formations sina-pf-item-3\">\r\n\t\t\t\t\t\t<div class=\"sina-portfolio-item-inner sina-bg-cover\"\r\n\t\t\t\t\t\t\tstyle=\"background-image: url(https:\/\/bejaiamed.com\/wp-content\/uploads\/2024\/09\/DSC_4977-scaled.jpg);\">\r\n\t\t\t\t\t\t\t<div class=\"sina-portfolio-overlay sina-overlay sina-flex sina-pf-effect-fade\">\r\n\t\t\t\t\t\t\t\t<div class=\"sina-portfolio-icons sina-flex\">\r\n\t\t\t\t\t\t\t\t\t<div class=\"sina-portfolio-content\">\r\n\t\t\t\t\t\t\t\t\t\t\t\t\t\t\t\t\t\t\t\t\t\t\t\t\t\t\t\t\t\t\t\t\t<h3 class=\"sina-portfolio-title\">Training Center<\/h3>\t\t\t\t\t\t\t\t\t\t\t\t\t\t\t\t\t\t\t\t\t\t\t\t\t\t\t\t\t\t\t\t\r\n\t\t\t\t\t\t\t\t\t\t<div class=\"btns-wrap\">\r\n\t\t\t\t\t\t\t\t\t\t\t<a title=\"Training Center\" href=\"https:\/\/bejaiamed.com\/wp-content\/uploads\/2024\/09\/DSC_4977-scaled.jpg\" class=\"sina-portfolio-zoom\" data-gall=\"sina-pf-8036175\">\r\n\t\t\t\t\t\t\t\t\t\t\t\t<i class=\"fa fa-search-plus\"><\/i>\r\n\t\t\t\t\t\t\t\t\t\t\t<\/a>\r\n\t\t\t\t\t\t\t\t\t\t\t<a href=\"#\"\r\n\t\t\t\t\t\t\t\t\t\t\t\t\t\t\t\t\t\t\t\t\t\t class=\"sina-portfolio-link\">\r\n\t\t\t\t\t\t\t\t\t\t\t\t<i class=\"fa fa-link\"><\/i>\r\n\t\t\t\t\t\t\t\t\t\t\t<\/a>\r\n\t\t\t\t\t\t\t\t\t\t<\/div>\r\n\t\t\t\t\t\t\t\t\t<\/div>\r\n\t\t\t\t\t\t\t\t<\/div>\r\n\t\t\t\t\t\t\t<\/div>\r\n\t\t\t\t\t\t<\/div>\r\n\t\t\t\t\t<\/div>\r\n\t\t\t\t\t\t\t\t\t\t\t\t\t\t\t\t<div class=\"sina-portfolio-item terminal_\u00e0_conteneurs sina-pf-item-3\">\r\n\t\t\t\t\t\t<div class=\"sina-portfolio-item-inner sina-bg-cover\"\r\n\t\t\t\t\t\t\tstyle=\"background-image: url(https:\/\/bejaiamed.com\/wp-content\/uploads\/2024\/09\/GuichetUnique.jpg);\">\r\n\t\t\t\t\t\t\t<div class=\"sina-portfolio-overlay sina-overlay sina-flex sina-pf-effect-fade\">\r\n\t\t\t\t\t\t\t\t<div class=\"sina-portfolio-icons sina-flex\">\r\n\t\t\t\t\t\t\t\t\t<div class=\"sina-portfolio-content\">\r\n\t\t\t\t\t\t\t\t\t\t\t\t\t\t\t\t\t\t\t\t\t\t\t\t\t\t\t\t\t\t\t\t\t<h3 class=\"sina-portfolio-title\">Container Terminal<\/h3>\t\t\t\t\t\t\t\t\t\t\t\t\t\t\t\t\t\t\t\t\t\t\t\t\t\t\t\t\t\t\t\t\r\n\t\t\t\t\t\t\t\t\t\t<div class=\"btns-wrap\">\r\n\t\t\t\t\t\t\t\t\t\t\t<a title=\"Container Terminal\" href=\"https:\/\/bejaiamed.com\/wp-content\/uploads\/2024\/09\/GuichetUnique.jpg\" class=\"sina-portfolio-zoom\" data-gall=\"sina-pf-8036175\">\r\n\t\t\t\t\t\t\t\t\t\t\t\t<i class=\"fa fa-search-plus\"><\/i>\r\n\t\t\t\t\t\t\t\t\t\t\t<\/a>\r\n\t\t\t\t\t\t\t\t\t\t\t<a href=\"#\"\r\n\t\t\t\t\t\t\t\t\t\t\t\t\t\t\t\t\t\t\t\t\t\t class=\"sina-portfolio-link\">\r\n\t\t\t\t\t\t\t\t\t\t\t\t<i class=\"fa fa-link\"><\/i>\r\n\t\t\t\t\t\t\t\t\t\t\t<\/a>\r\n\t\t\t\t\t\t\t\t\t\t<\/div>\r\n\t\t\t\t\t\t\t\t\t<\/div>\r\n\t\t\t\t\t\t\t\t<\/div>\r\n\t\t\t\t\t\t\t<\/div>\r\n\t\t\t\t\t\t<\/div>\r\n\t\t\t\t\t<\/div>\r\n\t\t\t\t\t\t\t\t\t\t<\/div>\r\n\t\t<\/div><!-- .sina-portfolio -->\r\n\t\t\t\t\t\t<\/div>\n\t\t\t\t<\/div>\n\t\t\t\t\t<\/div>\n\t\t\t\t<\/div>\n\t\t\t\t<\/div>","protected":false},"excerpt":{"rendered":"<p>Galerie d&rsquo;Images Acceuil &#8211; Galerie d&rsquo;Images all terminal \u00e0 conteneurs centre de formations Terminal \u00e0 conteneurs Terminal \u00e0 conteneurs Terminal \u00e0 conteneurs Terminal \u00e0 conteneurs Centre de formations Terminal \u00e0 conteneurs<\/p>","protected":false},"author":1,"featured_media":0,"parent":0,"menu_order":0,"comment_status":"closed","ping_status":"closed","template":"","meta":{"site-sidebar-layout":"no-sidebar","site-content-layout":"","ast-site-content-layout":"full-width-container","site-content-style":"default","site-sidebar-style":"default","ast-global-header-display":"","ast-banner-title-visibility":"","ast-main-header-display":"","ast-hfb-above-header-display":"","ast-hfb-below-header-display":"","ast-hfb-mobile-header-display":"","site-post-title":"disabled","ast-breadcrumbs-content":"","ast-featured-img":"disabled","footer-sml-layout":"","ast-disable-related-posts":"","theme-transparent-header-meta":"","adv-header-id-meta":"","stick-header-meta":"","header-above-stick-meta":"","header-main-stick-meta":"","header-below-stick-meta":"","astra-migrate-meta-layouts":"default","ast-page-background-enabled":"default","ast-page-background-meta":{"desktop":{"background-color":"var(--ast-global-color-4)","background-image":"","background-repeat":"repeat","background-position":"center center","background-size":"auto","background-attachment":"scroll","background-type":"","background-media":"","overlay-type":"","overlay-color":"","overlay-opacity":"","overlay-gradient":""},"tablet":{"background-color":"","background-image":"","background-repeat":"repeat","background-position":"center center","background-size":"auto","background-attachment":"scroll","background-type":"","background-media":"","overlay-type":"","overlay-color":"","overlay-opacity":"","overlay-gradient":""},"mobile":{"background-color":"","background-image":"","background-repeat":"repeat","background-position":"center center","background-size":"auto","background-attachment":"scroll","background-type":"","background-media":"","overlay-type":"","overlay-color":"","overlay-opacity":"","overlay-gradient":""}},"ast-content-background-meta":{"desktop":{"background-color":"var(--ast-global-color-5)","background-image":"","background-repeat":"repeat","background-position":"center center","background-size":"auto","background-attachment":"scroll","background-type":"","background-media":"","overlay-type":"","overlay-color":"","overlay-opacity":"","overlay-gradient":""},"tablet":{"background-color":"var(--ast-global-color-5)","background-image":"","background-repeat":"repeat","background-position":"center center","background-size":"auto","background-attachment":"scroll","background-type":"","background-media":"","overlay-type":"","overlay-color":"","overlay-opacity":"","overlay-gradient":""},"mobile":{"background-color":"var(--ast-global-color-5)","background-image":"","background-repeat":"repeat","background-position":"center center","background-size":"auto","background-attachment":"scroll","background-type":"","background-media":"","overlay-type":"","overlay-color":"","overlay-opacity":"","overlay-gradient":""}},"footnotes":""},"class_list":["post-45","page","type-page","status-publish","hentry"],"_links":{"self":[{"href":"https:\/\/bejaiamed.com\/en\/wp-json\/wp\/v2\/pages\/45","targetHints":{"allow":["GET"]}}],"collection":[{"href":"https:\/\/bejaiamed.com\/en\/wp-json\/wp\/v2\/pages"}],"about":[{"href":"https:\/\/bejaiamed.com\/en\/wp-json\/wp\/v2\/types\/page"}],"author":[{"embeddable":true,"href":"https:\/\/bejaiamed.com\/en\/wp-json\/wp\/v2\/users\/1"}],"replies":[{"embeddable":true,"href":"https:\/\/bejaiamed.com\/en\/wp-json\/wp\/v2\/comments?post=45"}],"version-history":[{"count":0,"href":"https:\/\/bejaiamed.com\/en\/wp-json\/wp\/v2\/pages\/45\/revisions"}],"wp:attachment":[{"href":"https:\/\/bejaiamed.com\/en\/wp-json\/wp\/v2\/media?parent=45"}],"curies":[{"name":"wp","href":"https:\/\/api.w.org\/{rel}","templated":true}]}}